{"id":2471,"date":"2023-05-04T16:40:46","date_gmt":"2023-05-04T14:40:46","guid":{"rendered":"https:\/\/seribell.it\/unternehmen\/"},"modified":"2025-09-19T15:18:47","modified_gmt":"2025-09-19T13:18:47","slug":"unternehmen","status":"publish","type":"page","link":"https:\/\/seribell.it\/de\/unternehmen\/","title":{"rendered":"Unternehmen"},"content":{"rendered":"\t\t<div data-elementor-type=\"wp-post\" data-elementor-id=\"2471\" class=\"elementor elementor-2471\" data-elementor-post-type=\"page\">\n\t\t\t\t\t\t<section class=\"elementor-section elementor-top-section elementor-element elementor-element-b3c952d elementor-section-height-min-height elementor-section-stretched elementor-section-items-stretch elementor-section-full_width elementor-section-height-default\" data-id=\"b3c952d\" data-element_type=\"section\" data-e-type=\"section\" data-settings=\"{&quot;background_background&quot;:&quot;classic&quot;,&quot;stretch_section&quot;:&quot;section-stretched&quot;}\">\n\t\t\t\t\t\t<div class=\"elementor-container elementor-column-gap-default\">\n\t\t\t\t\t<div class=\"elementor-column elementor-col-50 elementor-top-column elementor-element elementor-element-67ccd47\" data-id=\"67ccd47\" data-element_type=\"column\" data-e-type=\"column\">\n\t\t\t<div class=\"elementor-widget-wrap elementor-element-populated\">\n\t\t\t\t\t<div class=\"elementor-background-overlay\"><\/div>\n\t\t\t\t\t\t<div class=\"elementor-element elementor-element-46ce39a elementor-widget elementor-widget-heading\" data-id=\"46ce39a\" data-element_type=\"widget\" data-e-type=\"widget\" data-widget_type=\"heading.default\">\n\t\t\t\t<div class=\"elementor-widget-container\">\n\t\t\t\t\t<h1 class=\"elementor-heading-title elementor-size-default\"><span>Seribell: unsere Geschichte<\/span><br>beginnt im Jahr 1973<\/h1>\t\t\t\t<\/div>\n\t\t\t\t<\/div>\n\t\t\t\t<div class=\"elementor-element elementor-element-703563e elementor-widget elementor-widget-text-editor\" data-id=\"703563e\" data-element_type=\"widget\" data-e-type=\"widget\" data-widget_type=\"text-editor.default\">\n\t\t\t\t<div class=\"elementor-widget-container\">\n\t\t\t\t\t\t\t\t\t<p>Seribell hat st\u00e4ndig nach neuen Arbeitsmethoden gesucht und im Laufe der Zeit die technischen Kombinationen gefunden, die es uns erm\u00f6glichen, zu wettbewerbsf\u00e4higen Kosten zu produzieren und gleichzeitig unseren Umsatz zu steigern.<\/p>\n\t\t\t\t\t\t\t\t<\/div>\n\t\t\t\t<\/div>\n\t\t\t\t\t<\/div>\n\t\t<\/div>\n\t\t\t\t<div class=\"elementor-column elementor-col-50 elementor-top-column elementor-element elementor-element-7715cc9\" data-id=\"7715cc9\" data-element_type=\"column\" data-e-type=\"column\">\n\t\t\t<div class=\"elementor-widget-wrap\">\n\t\t\t\t\t\t\t<\/div>\n\t\t<\/div>\n\t\t\t\t\t<\/div>\n\t\t<\/section>\n\t\t\t\t<section class=\"elementor-section elementor-top-section elementor-element elementor-element-04a4b05 elementor-section-boxed elementor-section-height-default elementor-section-height-default\" data-id=\"04a4b05\" data-element_type=\"section\" data-e-type=\"section\">\n\t\t\t\t\t\t<div class=\"elementor-container elementor-column-gap-default\">\n\t\t\t\t\t<div class=\"elementor-column elementor-col-100 elementor-top-column elementor-element elementor-element-417a46c\" data-id=\"417a46c\" data-element_type=\"column\" data-e-type=\"column\">\n\t\t\t<div class=\"elementor-widget-wrap elementor-element-populated\">\n\t\t\t\t\t\t<div class=\"elementor-element elementor-element-6bd4822 elementor-widget elementor-widget-shortcode\" data-id=\"6bd4822\" data-element_type=\"widget\" data-e-type=\"widget\" data-widget_type=\"shortcode.default\">\n\t\t\t\t<div class=\"elementor-widget-container\">\n\t\t\t\t\t\t\t<div class=\"elementor-shortcode\">\t\t\t<!-- Cool Timeline Free V3.3.0 -->\n\t\t\t<div class=\"ctl-wrapper\" role=\"region\" aria-label=\"Timeline\">\n\t\t\t\t\t\t\t\t<div id=\"cool_timeline_1\" class=\"cool-timeline-wrapper ctl-both-sided ctl-vertical-wrapper\" >\n\t\t\t\t\t<div class=\"ctl-start\"><\/div>\n\t\t\t\t\t<!-- Timeline Container -->\n\t\t\t\t\t<div class=\"ctl-timeline ctl-timeline-container\" data-animation=\"none\">\n\t\t\t\t\t\t<!-- Center Line -->\n\t\t\t\t\t\t<div class=\"ctl-inner-line\" role=\"presentation\"><\/div>\n\t\t\t\t\t\t\t\t\t\t\t\t<!-- Story Year Section --><div data-cls=\"sc-nv-light vertical\" class=\"timeline-year scrollable-section ctl-year ctl-year-container light-year\" data-section-title=\"2018\" id=\"year-2018\"><div class=\"ctl-year-label ctl-year-text\"><span>2018<\/span><\/div><\/div><!-- Timeline Content --><div  id=\"ctl-story-3683\" class=\"ctl-story ctl-story-dot-icon odd ctl-story-right\" data-aos=\"none\"   data-story-index=\"1\" role=\"article\"><!-- Story Date --><div class=\"ctl-labels\"><div class=\"ctl-label-big story-date\">November 15<\/div><\/div><!-- Story IconDot --><div class=\"ctl-icondot\"><\/div> <!-- Story Arrow --><div class=\"ctl-arrow\"><\/div><!-- Story Content --><div class=\"ctl-content\"><!-- Story Title --><div class=\"ctl-title story-3683\" aria-label=\"2\"><a target=\"_self\" title=\"1973\" href=\"https:\/\/seribell.it\/de\/cool_timeline\/1973\/\" class=\"story-link\">1973<\/a><\/div><!-- Story Description --><div class=\"ctl-description\"><p>Seribell Srl wurde 1973 in Belluno gegr\u00fcndet \u2013 dank der Intuition und dem Unternehmergeist von Gianfranco Reolon. Das Unternehmen etablierte sich auf dem italienischen Markt als Siebdrucklabor, dem bald auch eine Textildruckabteilung angeschlossen wurde.<\/p>\n<\/div><\/div><\/div><!-- Timeline Content --><div  id=\"ctl-story-3684\" class=\"ctl-story ctl-story-dot-icon even ctl-story-left\" data-aos=\"none\"   data-story-index=\"2\" role=\"article\"><!-- Story Date --><div class=\"ctl-labels\"><div class=\"ctl-label-big story-date\">November 15<\/div><\/div><!-- Story IconDot --><div class=\"ctl-icondot\"><\/div> <!-- Story Arrow --><div class=\"ctl-arrow\"><\/div><!-- Story Content --><div class=\"ctl-content\"><!-- Story Title --><div class=\"ctl-title story-3684\" aria-label=\"2\"><a target=\"_self\" title=\"1980er Jahre\" href=\"https:\/\/seribell.it\/de\/cool_timeline\/1980er-jahre\/\" class=\"story-link\">1980er Jahre<\/a><\/div><!-- Story Description --><div class=\"ctl-description\"><p>Unternehmergeist und Leidenschaft f\u00fcr diesen Industriebereich f\u00fchrten zu einem bemerkenswerten Wachstum: Um den Anforderungen der Elektronikindustrie gerecht zu werden, wurde die Produktion erweitert und diversifiziert \u2013 mit Frontplatten aus Polycarbonat und Polyester sowie insbesondere Hightech-Membrantastaturen.<\/p>\n<\/div><\/div><\/div><!-- Timeline Content --><div  id=\"ctl-story-3685\" class=\"ctl-story ctl-story-dot-icon odd ctl-story-right\" data-aos=\"none\"   data-story-index=\"3\" role=\"article\"><!-- Story Date --><div class=\"ctl-labels\"><div class=\"ctl-label-big story-date\">November 15<\/div><\/div><!-- Story IconDot --><div class=\"ctl-icondot\"><\/div> <!-- Story Arrow --><div class=\"ctl-arrow\"><\/div><!-- Story Content --><div class=\"ctl-content\"><!-- Story Title --><div class=\"ctl-title story-3685\" aria-label=\"2\"><a target=\"_self\" title=\"1991\" href=\"https:\/\/seribell.it\/de\/cool_timeline\/1991\/\" class=\"story-link\">1991<\/a><\/div><!-- Story Description --><div class=\"ctl-description\"><p>Serigroup Srl wurde gegr\u00fcndet und Teil der Unternehmensgruppe. Das Unternehmen ist auf die Herstellung von Leiterplatten spezialisiert. Gemeinsam bieten die beiden Unternehmen ein hochspezialisiertes Angebot f\u00fcr den Elektronikmarkt.<\/p>\n<\/div><\/div><\/div><!-- Timeline Content --><div  id=\"ctl-story-3686\" class=\"ctl-story ctl-story-dot-icon even ctl-story-left\" data-aos=\"none\"   data-story-index=\"4\" role=\"article\"><!-- Story Date --><div class=\"ctl-labels\"><div class=\"ctl-label-big story-date\">November 15<\/div><\/div><!-- Story IconDot --><div class=\"ctl-icondot\"><\/div> <!-- Story Arrow --><div class=\"ctl-arrow\"><\/div><!-- Story Content --><div class=\"ctl-content\"><!-- Story Title --><div class=\"ctl-title story-3686\" aria-label=\"2\"><a target=\"_self\" title=\"1998\" href=\"https:\/\/seribell.it\/de\/cool_timeline\/1998\/\" class=\"story-link\">1998<\/a><\/div><!-- Story Description --><div class=\"ctl-description\"><p>Vladimiro Reolon, der Sohn von Gianfranco, \u00fcbernimmt die Rolle des Gesch\u00e4ftsf\u00fchrers. Im Jahr 2019 \u00fcbergibt Herr Gianfranco offiziell die Unternehmensf\u00fchrung an seine drei Kinder: Vladimiro Reolon, Franca Reolon und Angelo Reolon.<\/p>\n<\/div><\/div><\/div><!-- Timeline Content --><div  id=\"ctl-story-3687\" class=\"ctl-story ctl-story-dot-icon odd ctl-story-right\" data-aos=\"none\"   data-story-index=\"5\" role=\"article\"><!-- Story Date --><div class=\"ctl-labels\"><div class=\"ctl-label-big story-date\">November 15<\/div><\/div><!-- Story IconDot --><div class=\"ctl-icondot\"><\/div> <!-- Story Arrow --><div class=\"ctl-arrow\"><\/div><!-- Story Content --><div class=\"ctl-content\"><!-- Story Title --><div class=\"ctl-title story-3687\" aria-label=\"2\"><a target=\"_self\" title=\"2012\" href=\"https:\/\/seribell.it\/de\/cool_timeline\/2012\/\" class=\"story-link\">2012<\/a><\/div><!-- Story Description --><div class=\"ctl-description\"><p>Der neue \u2013 und aktuelle \u2013 Hauptsitz von Seribell Srl wird er\u00f6ffnet, mit besonderem Augenmerk auf Umweltaspekte und Energieeinsparung.<\/p>\n<\/div><\/div><\/div><!-- Timeline Content --><div  id=\"ctl-story-3690\" class=\"ctl-story ctl-story-dot-icon even ctl-story-left\" data-aos=\"none\"   data-story-index=\"6\" role=\"article\"><!-- Story Date --><div class=\"ctl-labels\"><div class=\"ctl-label-big story-date\">November 15<\/div><\/div><!-- Story IconDot --><div class=\"ctl-icondot\"><\/div> <!-- Story Arrow --><div class=\"ctl-arrow\"><\/div><!-- Story Content --><div class=\"ctl-content\"><!-- Story Title --><div class=\"ctl-title story-3690\" aria-label=\"2\"><a target=\"_self\" title=\"HEUTE\" href=\"https:\/\/seribell.it\/de\/cool_timeline\/heute\/\" class=\"story-link\">HEUTE<\/a><\/div><!-- Story Description --><div class=\"ctl-description\"><p>Seribell Srl tritt wettbewerbsf\u00e4hig auf dem italienischen und internationalen Markt auf \u2013 dank kontinuierlicher Investitionen in Technologie und Mitarbeiterqualifikation. Engagement, Professionalit\u00e4t und Kreativit\u00e4t haben uns zu dem gemacht, was wir heute sind: ein dynamisches Team, das in einem sich st\u00e4ndig weiterentwickelnden Sektor nach Spitzenleistungen strebt. Im Laufe der Jahre hat das Unternehmen auch in verschiedene Zertifizierungen investiert \u2013 ein weiterer Beweis f\u00fcr sein Engagement und seine Achtsamkeit gegen\u00fcber seiner Umwelt.<\/p>\n<\/div><\/div><\/div>\t\t\t\t\t<\/div>\n\t\t\t\t\t<div class=\"ctl-end\"><\/div>\n\t\t\t\t\t\t\t\t\t<\/div>\n\t\t\t<\/div>\n\t\t\t<\/div>\n\t\t\t\t\t\t<\/div>\n\t\t\t\t<\/div>\n\t\t\t\t\t<\/div>\n\t\t<\/div>\n\t\t\t\t\t<\/div>\n\t\t<\/section>\n\t\t\t\t<section class=\"elementor-section elementor-top-section elementor-element elementor-element-0a22e1d elementor-section-stretched elementor-hidden-desktop elementor-hidden-tablet elementor-hidden-mobile elementor-section-boxed elementor-section-height-default elementor-section-height-default\" data-id=\"0a22e1d\" data-element_type=\"section\" data-e-type=\"section\" data-settings=\"{&quot;stretch_section&quot;:&quot;section-stretched&quot;,&quot;background_background&quot;:&quot;classic&quot;}\">\n\t\t\t\t\t\t<div class=\"elementor-container elementor-column-gap-default\">\n\t\t\t\t\t<div class=\"elementor-column elementor-col-50 elementor-top-column elementor-element elementor-element-2b4c178\" data-id=\"2b4c178\" data-element_type=\"column\" data-e-type=\"column\">\n\t\t\t<div class=\"elementor-widget-wrap\">\n\t\t\t\t\t\t\t<\/div>\n\t\t<\/div>\n\t\t\t\t<div class=\"elementor-column elementor-col-50 elementor-top-column elementor-element elementor-element-2ae6738\" data-id=\"2ae6738\" data-element_type=\"column\" data-e-type=\"column\">\n\t\t\t<div class=\"elementor-widget-wrap elementor-element-populated\">\n\t\t\t\t\t\t<div class=\"elementor-element elementor-element-4d39cb4 elementor-widget elementor-widget-video\" data-id=\"4d39cb4\" data-element_type=\"widget\" data-e-type=\"widget\" data-settings=\"{&quot;youtube_url&quot;:&quot;https:\\\/\\\/www.youtube.com\\\/watch?v=iK54RG2XrGU&quot;,&quot;show_image_overlay&quot;:&quot;yes&quot;,&quot;image_overlay&quot;:{&quot;url&quot;:&quot;https:\\\/\\\/seribell.it\\\/wp-content\\\/uploads\\\/2018\\\/11\\\/repar-test-el.jpg&quot;,&quot;id&quot;:813,&quot;size&quot;:&quot;&quot;},&quot;video_type&quot;:&quot;youtube&quot;,&quot;controls&quot;:&quot;yes&quot;}\" data-widget_type=\"video.default\">\n\t\t\t\t<div class=\"elementor-widget-container\">\n\t\t\t\t\t\t\t<div class=\"elementor-wrapper elementor-open-inline\">\n\t\t\t<div class=\"elementor-video\"><\/div>\t\t\t\t<div class=\"elementor-custom-embed-image-overlay\" style=\"background-image: url(https:\/\/seribell.it\/wp-content\/uploads\/2018\/11\/repar-test-el.jpg);\">\n\t\t\t\t\t\t\t\t\t\t\t\t\t\t\t\t<div class=\"elementor-custom-embed-play\" role=\"button\" aria-label=\"Video abspielen\" tabindex=\"0\">\n\t\t\t\t\t\t\t<i aria-hidden=\"true\" class=\"eicon-play\"><\/i>\t\t\t\t\t\t<\/div>\n\t\t\t\t\t\t\t\t\t<\/div>\n\t\t\t\t\t<\/div>\n\t\t\t\t\t\t<\/div>\n\t\t\t\t<\/div>\n\t\t\t\t\t<\/div>\n\t\t<\/div>\n\t\t\t\t\t<\/div>\n\t\t<\/section>\n\t\t\t\t<section class=\"elementor-section elementor-top-section elementor-element elementor-element-c4a9e90 elementor-section-content-middle elementor-section-boxed elementor-section-height-default elementor-section-height-default\" data-id=\"c4a9e90\" data-element_type=\"section\" data-e-type=\"section\" data-settings=\"{&quot;background_background&quot;:&quot;classic&quot;}\">\n\t\t\t\t\t\t<div class=\"elementor-container elementor-column-gap-default\">\n\t\t\t\t\t<div class=\"elementor-column elementor-col-50 elementor-top-column elementor-element elementor-element-35fa7a4\" data-id=\"35fa7a4\" data-element_type=\"column\" data-e-type=\"column\">\n\t\t\t<div class=\"elementor-widget-wrap elementor-element-populated\">\n\t\t\t\t\t\t<div class=\"elementor-element elementor-element-868b06e elementor-widget elementor-widget-heading\" data-id=\"868b06e\" data-element_type=\"widget\" data-e-type=\"widget\" data-widget_type=\"heading.default\">\n\t\t\t\t<div class=\"elementor-widget-container\">\n\t\t\t\t\t<h2 class=\"elementor-heading-title elementor-size-default\">Entdecken Sie die Zertifizierungen von Seribell<\/h2>\t\t\t\t<\/div>\n\t\t\t\t<\/div>\n\t\t\t\t<div class=\"elementor-element elementor-element-e38854a elementor-widget elementor-widget-text-editor\" data-id=\"e38854a\" data-element_type=\"widget\" data-e-type=\"widget\" data-widget_type=\"text-editor.default\">\n\t\t\t\t<div class=\"elementor-widget-container\">\n\t\t\t\t\t\t\t\t\t<p class=\"normal\">Optimierte Produktionsprozesse und die Organisation des Qualit\u00e4tsmanagementsystems mit besonderem Augenmerk auf Umweltaspekte haben es Seribell erm\u00f6glicht, die Zertifizierungen zu erhalten.<\/p>\n\t\t\t\t\t\t\t\t<\/div>\n\t\t\t\t<\/div>\n\t\t\t\t\t<\/div>\n\t\t<\/div>\n\t\t\t\t<div class=\"elementor-column elementor-col-50 elementor-top-column elementor-element elementor-element-fb86cb3\" data-id=\"fb86cb3\" data-element_type=\"column\" data-e-type=\"column\">\n\t\t\t<div class=\"elementor-widget-wrap elementor-element-populated\">\n\t\t\t\t\t\t<div class=\"elementor-element elementor-element-f87c39c elementor-align-left elementor-widget elementor-widget-button\" data-id=\"f87c39c\" data-element_type=\"widget\" data-e-type=\"widget\" data-widget_type=\"button.default\">\n\t\t\t\t<div class=\"elementor-widget-container\">\n\t\t\t\t\t\t\t\t\t<div class=\"elementor-button-wrapper\">\n\t\t\t\t\t<a class=\"elementor-button elementor-button-link elementor-size-sm\" href=\"https:\/\/seribell.it\/de\/zertifizierungen\/\">\n\t\t\t\t\t\t<span class=\"elementor-button-content-wrapper\">\n\t\t\t\t\t\t\t\t\t<span class=\"elementor-button-text\">Unsere Zertifizierungen<\/span>\n\t\t\t\t\t<\/span>\n\t\t\t\t\t<\/a>\n\t\t\t\t<\/div>\n\t\t\t\t\t\t\t\t<\/div>\n\t\t\t\t<\/div>\n\t\t\t\t\t<\/div>\n\t\t<\/div>\n\t\t\t\t\t<\/div>\n\t\t<\/section>\n\t\t\t\t<\/div>\n\t\t","protected":false},"excerpt":{"rendered":"<p>Seribell: unsere Geschichtebeginnt im Jahr 1973 Seribell hat st\u00e4ndig nach neuen Arbeitsmethoden gesucht und im Laufe der Zeit die technischen Kombinationen gefunden, die es uns erm\u00f6glichen, zu wettbewerbsf\u00e4higen Kosten zu produzieren und gleichzeitig unseren Umsatz zu steigern. https:\/\/www.youtube.com\/watch?v=iK54RG2XrGU Entdecken Sie die Zertifizierungen von Seribell Optimierte Produktionsprozesse und die Organisation des Qualit\u00e4tsmanagementsystems mit besonderem Augenmerk auf [&hellip;]<\/p>\n","protected":false},"author":2,"featured_media":0,"parent":0,"menu_order":0,"comment_status":"closed","ping_status":"closed","template":"elementor_header_footer","meta":{"_acf_changed":false,"ocean_post_layout":"","ocean_both_sidebars_style":"","ocean_both_sidebars_content_width":0,"ocean_both_sidebars_sidebars_width":0,"ocean_sidebar":"0","ocean_second_sidebar":"0","ocean_disable_margins":"enable","ocean_add_body_class":"","ocean_shortcode_before_top_bar":"","ocean_shortcode_after_top_bar":"","ocean_shortcode_before_header":"","ocean_shortcode_after_header":"","ocean_has_shortcode":"","ocean_shortcode_after_title":"","ocean_shortcode_before_footer_widgets":"","ocean_shortcode_after_footer_widgets":"","ocean_shortcode_before_footer_bottom":"","ocean_shortcode_after_footer_bottom":"","ocean_display_top_bar":"default","ocean_display_header":"default","ocean_header_style":"","ocean_center_header_left_menu":"0","ocean_custom_header_template":"0","ocean_custom_logo":0,"ocean_custom_retina_logo":0,"ocean_custom_logo_max_width":0,"ocean_custom_logo_tablet_max_width":0,"ocean_custom_logo_mobile_max_width":0,"ocean_custom_logo_max_height":0,"ocean_custom_logo_tablet_max_height":0,"ocean_custom_logo_mobile_max_height":0,"ocean_header_custom_menu":"0","ocean_menu_typo_font_family":"0","ocean_menu_typo_font_subset":"","ocean_menu_typo_font_size":0,"ocean_menu_typo_font_size_tablet":0,"ocean_menu_typo_font_size_mobile":0,"ocean_menu_typo_font_size_unit":"px","ocean_menu_typo_font_weight":"","ocean_menu_typo_font_weight_tablet":"","ocean_menu_typo_font_weight_mobile":"","ocean_menu_typo_transform":"","ocean_menu_typo_transform_tablet":"","ocean_menu_typo_transform_mobile":"","ocean_menu_typo_line_height":0,"ocean_menu_typo_line_height_tablet":0,"ocean_menu_typo_line_height_mobile":0,"ocean_menu_typo_line_height_unit":"","ocean_menu_typo_spacing":0,"ocean_menu_typo_spacing_tablet":0,"ocean_menu_typo_spacing_mobile":0,"ocean_menu_typo_spacing_unit":"","ocean_menu_link_color":"","ocean_menu_link_color_hover":"","ocean_menu_link_color_active":"","ocean_menu_link_background":"","ocean_menu_link_hover_background":"","ocean_menu_link_active_background":"","ocean_menu_social_links_bg":"","ocean_menu_social_hover_links_bg":"","ocean_menu_social_links_color":"","ocean_menu_social_hover_links_color":"","ocean_disable_title":"on","ocean_disable_heading":"default","ocean_post_title":"","ocean_post_subheading":"","ocean_post_title_style":"","ocean_post_title_background_color":"","ocean_post_title_background":0,"ocean_post_title_bg_image_position":"","ocean_post_title_bg_image_attachment":"","ocean_post_title_bg_image_repeat":"","ocean_post_title_bg_image_size":"","ocean_post_title_height":0,"ocean_post_title_bg_overlay":0.5,"ocean_post_title_bg_overlay_color":"","ocean_disable_breadcrumbs":"default","ocean_breadcrumbs_color":"","ocean_breadcrumbs_separator_color":"","ocean_breadcrumbs_links_color":"","ocean_breadcrumbs_links_hover_color":"","ocean_display_footer_widgets":"default","ocean_display_footer_bottom":"default","ocean_custom_footer_template":"0","footnotes":""},"class_list":["post-2471","page","type-page","status-publish","hentry","entry"],"acf":[],"aioseo_notices":[],"_links":{"self":[{"href":"https:\/\/seribell.it\/de\/wp-json\/wp\/v2\/pages\/2471","targetHints":{"allow":["GET"]}}],"collection":[{"href":"https:\/\/seribell.it\/de\/wp-json\/wp\/v2\/pages"}],"about":[{"href":"https:\/\/seribell.it\/de\/wp-json\/wp\/v2\/types\/page"}],"author":[{"embeddable":true,"href":"https:\/\/seribell.it\/de\/wp-json\/wp\/v2\/users\/2"}],"replies":[{"embeddable":true,"href":"https:\/\/seribell.it\/de\/wp-json\/wp\/v2\/comments?post=2471"}],"version-history":[{"count":3,"href":"https:\/\/seribell.it\/de\/wp-json\/wp\/v2\/pages\/2471\/revisions"}],"predecessor-version":[{"id":3857,"href":"https:\/\/seribell.it\/de\/wp-json\/wp\/v2\/pages\/2471\/revisions\/3857"}],"wp:attachment":[{"href":"https:\/\/seribell.it\/de\/wp-json\/wp\/v2\/media?parent=2471"}],"curies":[{"name":"wp","href":"https:\/\/api.w.org\/{rel}","templated":true}]}}